{"id":7,"date":"2017-06-27T03:11:38","date_gmt":"2017-06-27T03:11:38","guid":{"rendered":"http:\/\/bearsthemes.com\/themes\/alone-community-church\/index.php\/donation-history\/"},"modified":"2017-06-27T03:11:38","modified_gmt":"2017-06-27T03:11:38","slug":"donation-history","status":"publish","type":"page","link":"https:\/\/ubla.online\/pt\/donation-history\/","title":{"rendered":"Donation History"},"content":{"rendered":"<div class=\"give_notices give_errors\" id=\"give_error_warning\">\n\t\t\t\t\t\t<p class=\"give_notice give_warning\" data-dismissible=\"\" data-dismiss-interval=\"5000\" data-dismiss-type=\"\">\n\t\t\t\t\t\t\tVoc\u00ea precisa estar conectado para ver seu hist\u00f3rico de doa\u00e7\u00f5es. Acesse usando sua conta ou crie uma conta usando o mesmo e-mail que voc\u00ea usou para doar.\n\t\t\t\t\t\t<\/p>\n\t\t\t\t\t\t\n\t\t\t\t\t<\/div>\t<form id=\"give-login-form\" class=\"give-form\" action=\"\" method=\"post\" data-trp-original-action=\"\">\n\t\t<fieldset>\n\t\t\t<legend>Fa\u00e7a login na sua conta<\/legend>\n\t\t\t\t\t\t<div class=\"give-login-username give-login\">\n\t\t\t\t<label for=\"give_user_login\">Nome de usu\u00e1rio ou endere\u00e7o de e-mail<\/label>\n\t\t\t\t<input name=\"give_user_login\" id=\"give_user_login\" class=\"give-required give-input\" type=\"text\" required aria-required=\"true\" \/>\n\t\t\t<\/div>\n\n\t\t\t<div class=\"give-login-password give-login\">\n\t\t\t\t<label for=\"give_user_pass\">Senha<\/label>\n\t\t\t\t<input name=\"give_user_pass\" id=\"give_user_pass\" class=\"give-password give-required give-input\" type=\"password\" required aria-required=\"true\" \/>\n\t\t\t<\/div>\n\n\t\t\t<div class=\"give-login-submit give-login\">\n\t\t\t\t<input type=\"hidden\" name=\"give_login_redirect\" value=\"https:\/\/ubla.online\/pt\/donation-history\/?give-login-success=true\" \/>\n\t\t\t\t<input type=\"hidden\" name=\"give_login_nonce\" value=\"2ef9e7efd1\" \/>\n\t\t\t\t<input type=\"hidden\" name=\"give_action\" value=\"user_login\" \/>\n\t\t\t\t<input id=\"give_login_submit\" type=\"submit\" class=\"give_submit\" value=\"Entrar\" \/>\n\t\t\t<\/div>\n\n\t\t\t<div class=\"give-lost-password give-login\">\n\t\t\t\t<a href=\"https:\/\/ubla.online\/pt\/my-account\/lost-password\/\">\n\t\t\t\t\tRedefinir senha\t\t\t\t<\/a>\n\t\t\t<\/div>\n\t\t\t\t\t<\/fieldset>\n\t<input type=\"hidden\" name=\"trp-form-language\" value=\"pt\"\/><\/form>","protected":false},"excerpt":{"rendered":"Voc\u00ea precisa estar conectado para ver seu hist\u00f3rico de doa\u00e7\u00f5es. Acesse usando sua conta ou crie uma conta usando o&hellip;","protected":false},"author":1,"featured_media":0,"parent":0,"menu_order":0,"comment_status":"closed","ping_status":"closed","template":"","meta":{"ngg_post_thumbnail":0},"_links":{"self":[{"href":"https:\/\/ubla.online\/pt\/wp-json\/wp\/v2\/pages\/7"}],"collection":[{"href":"https:\/\/ubla.online\/pt\/wp-json\/wp\/v2\/pages"}],"about":[{"href":"https:\/\/ubla.online\/pt\/wp-json\/wp\/v2\/types\/page"}],"author":[{"embeddable":true,"href":"https:\/\/ubla.online\/pt\/wp-json\/wp\/v2\/users\/1"}],"replies":[{"embeddable":true,"href":"https:\/\/ubla.online\/pt\/wp-json\/wp\/v2\/comments?post=7"}],"version-history":[{"count":0,"href":"https:\/\/ubla.online\/pt\/wp-json\/wp\/v2\/pages\/7\/revisions"}],"wp:attachment":[{"href":"https:\/\/ubla.online\/pt\/wp-json\/wp\/v2\/media?parent=7"}],"curies":[{"name":"wp","href":"https:\/\/api.w.org\/{rel}","templated":true}]}}