{"id":3489,"date":"2020-11-11T01:48:54","date_gmt":"2020-11-11T01:48:54","guid":{"rendered":"http:\/\/ubla.net\/?page_id=3489"},"modified":"2023-06-19T14:42:12","modified_gmt":"2023-06-19T14:42:12","slug":"ministerios","status":"publish","type":"page","link":"https:\/\/ubla.online\/pt\/ministerios\/","title":{"rendered":"Ministerios"},"content":{"rendered":"<div class=\"vc_row wpb_row vc_row-fluid vc_custom_1605059945769 vc_row-has-fill\"><div class=\"wpb_column vc_column_container vc_col-sm-12\"><div class=\"vc_column-inner\"><div class=\"wpb_wrapper\"><div class=\"vc_row wpb_row vc_inner vc_row-fluid\"><div class=\"wpb_column vc_column_container vc_col-sm-12\"><div class=\"vc_column-inner\"><div class=\"wpb_wrapper\"><h1 style=\"font-size: 48px;color: #163c71;line-height: 35px;text-align: center\" class=\"vc_custom_heading\" ><b>Ministerios<\/b><\/h1><div class=\"vc_empty_space\" id=\"world\"  style=\"height: 50px\"><span class=\"vc_empty_space_inner\"><\/span><\/div><\/div><\/div><\/div><\/div><div id=\"compassion\" class=\"vc_row wpb_row vc_inner vc_row-fluid vc_row-o-content-middle vc_row-flex\"><div class=\"wpb_column vc_column_container vc_col-sm-8\"><div class=\"vc_column-inner\"><div class=\"wpb_wrapper\"><h2 style=\"font-size: 28px;color: #333333;line-height: 35px;text-align: left\" class=\"vc_custom_heading\" >World Vision<\/h2>\n\t<div class=\"wpb_text_column wpb_content_element\" >\n\t\t<div class=\"wpb_wrapper\">\n\t\t\t<p><span style=\"font-weight: 400;\">Mais de 70 anos trabalhando em ajuda humanit\u00e1ria, desenvolvimento social e prote\u00e7\u00e3o da inf\u00e2ncia.<\/span><span style=\"font-weight: 400;\"><br \/>\n<\/span><span style=\"font-weight: 400;\">\u00a0<\/span><span style=\"font-weight: 400;\"><br \/>\n<\/span><span style=\"font-weight: 400;\">Seus programas de desenvolvimento salvam vidas atrav\u00e9s de 42 mil colaboradores em quase 100 pa\u00edses ao redor do mundo. Em 2018, eles ajudaram 14 milh\u00f5es de pessoas afetadas por 143 emerg\u00eancias humanit\u00e1rias. Garantem a prote\u00e7\u00e3o e seguran\u00e7a de 57 milh\u00f5es de crian\u00e7as em 9 pa\u00edses.<\/span><span style=\"font-weight: 400;\"><br \/>\n<\/span><span style=\"font-weight: 400;\">\u00a0<\/span><\/p>\n<p><b><i>\"Sejamos uma extens\u00e3o do amor de Deus nestes momentos de tantas necessidades, juntos podemos mais, juntos podemos visualizar as muitas necessidades que continuam surgindo\".<\/i><\/b><\/p>\n\n\t\t<\/div>\n\t<\/div>\n<\/div><\/div><\/div><div class=\"wpb_column vc_column_container vc_col-sm-4\"><div class=\"vc_column-inner\"><div class=\"wpb_wrapper\">\n\t<div  class=\"wpb_single_image wpb_content_element vc_align_center\">\n\t\t\n\t\t<figure class=\"wpb_wrapper vc_figure\">\n\t\t\t<div class=\"vc_single_image-wrapper   vc_box_border_grey\"><img width=\"300\" height=\"300\" src=\"https:\/\/ubla.online\/wp-content\/uploads\/2020\/11\/unnamed.jpg\" class=\"vc_single_image-img attachment-medium\" alt=\"\" decoding=\"async\" loading=\"lazy\" \/><\/div>\n\t\t<\/figure>\n\t<\/div>\n<\/div><\/div><\/div><\/div><div class=\"vc_row wpb_row vc_inner vc_row-fluid vc_row-o-content-middle vc_row-flex\"><div class=\"wpb_column vc_column_container vc_col-sm-4\"><div class=\"vc_column-inner\"><div class=\"wpb_wrapper\">\n\t<div  class=\"wpb_single_image wpb_content_element vc_align_center\">\n\t\t\n\t\t<figure class=\"wpb_wrapper vc_figure\">\n\t\t\t<div class=\"vc_single_image-wrapper   vc_box_border_grey\"><img width=\"1132\" height=\"469\" src=\"https:\/\/ubla.online\/wp-content\/uploads\/2020\/11\/1_e8cwW2c48EC5ivz1GkSNcQ.jpeg\" class=\"vc_single_image-img attachment-full\" alt=\"\" decoding=\"async\" loading=\"lazy\" \/><\/div>\n\t\t<\/figure>\n\t<\/div>\n<\/div><\/div><\/div><div class=\"wpb_column vc_column_container vc_col-sm-8\"><div class=\"vc_column-inner\"><div class=\"wpb_wrapper\"><h2 style=\"font-size: 28px;color: #333333;line-height: 35px;text-align: justify\" class=\"vc_custom_heading\" >Compassion<\/h2>\n\t<div class=\"wpb_text_column wpb_content_element\" id=\"juventud\">\n\t\t<div class=\"wpb_wrapper\">\n\t\t\t<p><span style=\"font-weight: 400;\">Com um enfoque de desenvolvimento hol\u00edstico na inf\u00e2ncia, buscam tanto o desenvolvimento f\u00edsico, socioemocional, cognitivo, econ\u00f4mico e espiritual na vida das crian\u00e7as.<\/span><span style=\"font-weight: 400;\"><br \/>\n<\/span><span style=\"font-weight: 400;\"><br \/>\n<\/span><span style=\"font-weight: 400;\">Trabalham atrav\u00e9s de parcerias com milhares de igrejas locais ao redor do mundo, especialmente na Am\u00e9rica Latina.<\/span><span style=\"font-weight: 400;\"><br \/>\n<\/span><span style=\"font-weight: 400;\"><br \/>\n<\/span><span style=\"font-weight: 400;\">Cada igreja parceira responde de forma hol\u00edstica \u00e0s necessidades das crian\u00e7as em sua comunidade, com minist\u00e9rios contextualizados e relevantes.<\/span><\/p>\n\n\t\t<\/div>\n\t<\/div>\n<\/div><\/div><\/div><\/div><div id=\"juventud\" class=\"vc_row wpb_row vc_inner vc_row-fluid vc_row-o-content-middle vc_row-flex\"><div class=\"wpb_column vc_column_container vc_col-sm-8\"><div class=\"vc_column-inner\"><div class=\"wpb_wrapper\"><h2 style=\"font-size: 28px;color: #333333;line-height: 35px;text-align: left\" class=\"vc_custom_heading\" >Movimientos Juntos por la Ni\u00f1ez y la Juventud<\/h2>\n\t<div class=\"wpb_text_column wpb_content_element\" id=\"hope\">\n\t\t<div class=\"wpb_wrapper\">\n\t\t\t<p><span style=\"font-weight: 400;\">Mobilizam igrejas e institui\u00e7\u00f5es crist\u00e3s na Am\u00e9rica Latina e no Caribe para promover seu compromisso com o desenvolvimento e a prote\u00e7\u00e3o integral da inf\u00e2ncia e juventude, em busca de uma vida plena.<\/span><span style=\"font-weight: 400;\"><br \/>\n<\/span><span style=\"font-weight: 400;\"><br \/>\n<\/span><span style=\"font-weight: 400;\">\u00c9 composto por diversas organiza\u00e7\u00f5es regionais:<\/span><span style=\"font-weight: 400;\"><br \/>\n<\/span><span style=\"font-weight: 400;\">*Compassion International<\/span><span style=\"font-weight: 400;\"><br \/>\n<\/span><span style=\"font-weight: 400;\">*Superintend\u00eancia Sul da Am\u00e9rica do Norte da Igreja de Deus<\/span><span style=\"font-weight: 400;\"><br \/>\n<\/span><span style=\"font-weight: 400;\">*Claves Uruguai<\/span><span style=\"font-weight: 400;\"><br \/>\n<\/span><span style=\"font-weight: 400;\">*Viva Am\u00e9rica Latina<\/span><span style=\"font-weight: 400;\"><br \/>\n<\/span><span style=\"font-weight: 400;\">*Tearfund<\/span><span style=\"font-weight: 400;\"><br \/>\n<\/span><span style=\"font-weight: 400;\">*World Vision<\/span><span style=\"font-weight: 400;\"><br \/>\n<\/span><span style=\"font-weight: 400;\">*Paz y Esperanza<\/span><span style=\"font-weight: 400;\"><br \/>\n<\/span><span style=\"font-weight: 400;\">*UBLA - Uni\u00e3o Bautista Latinoamericana <\/span><\/p>\n\n\t\t<\/div>\n\t<\/div>\n\n\t<div class=\"wpb_video_widget wpb_content_element vc_clearfix   vc_video-aspect-ratio-169 vc_video-el-width-100 vc_video-align-left\" >\n\t\t<div class=\"wpb_wrapper\">\n\t\t\t\n\t\t\t<div class=\"wpb_video_wrapper\"><iframe title=\"Video Mov con la Nin\u0303ez y Juventud\" width=\"500\" height=\"281\" src=\"https:\/\/www.youtube.com\/embed\/R8xVOY0b_Nk?feature=oembed\" frameborder=\"0\" allow=\"accelerometer; autoplay; clipboard-write; encrypted-media; gyroscope; picture-in-picture; web-share\" allowfullscreen><\/iframe><\/div>\n\t\t<\/div>\n\t<\/div>\n<\/div><\/div><\/div><div class=\"wpb_column vc_column_container vc_col-sm-4\"><div class=\"vc_column-inner\"><div class=\"wpb_wrapper\">\n\t<div  class=\"wpb_single_image wpb_content_element vc_align_center\">\n\t\t\n\t\t<figure class=\"wpb_wrapper vc_figure\">\n\t\t\t<div class=\"vc_single_image-wrapper   vc_box_border_grey\"><img width=\"1080\" height=\"1080\" src=\"https:\/\/ubla.online\/wp-content\/uploads\/2020\/11\/79600678_2612082942206399_980141661847814144_o.png\" class=\"vc_single_image-img attachment-full\" alt=\"\" decoding=\"async\" loading=\"lazy\" \/><\/div>\n\t\t<\/figure>\n\t<\/div>\n<\/div><\/div><\/div><\/div><div class=\"vc_row wpb_row vc_inner vc_row-fluid vc_row-o-content-middle vc_row-flex\"><div class=\"wpb_column vc_column_container vc_col-sm-4\"><div class=\"vc_column-inner\"><div class=\"wpb_wrapper\">\n\t<div  class=\"wpb_single_image wpb_content_element vc_align_center\">\n\t\t\n\t\t<figure class=\"wpb_wrapper vc_figure\">\n\t\t\t<div class=\"vc_single_image-wrapper   vc_box_border_grey\"><img width=\"1850\" height=\"372\" src=\"https:\/\/ubla.online\/wp-content\/uploads\/2020\/11\/onehoperesources-headerimage.jpg\" class=\"vc_single_image-img attachment-full\" alt=\"\" decoding=\"async\" loading=\"lazy\" \/><\/div>\n\t\t<\/figure>\n\t<\/div>\n<\/div><\/div><\/div><div class=\"wpb_column vc_column_container vc_col-sm-8\"><div class=\"vc_column-inner\"><div class=\"wpb_wrapper\"><h2 style=\"font-size: 28px;color: #333333;line-height: 35px;text-align: justify\" class=\"vc_custom_heading\" >One Hope<\/h2>\n\t<div class=\"wpb_text_column wpb_content_element\" id=\"hispano\">\n\t\t<div class=\"wpb_wrapper\">\n\t\t\t<p><span style=\"font-weight: 400;\">Sua miss\u00e3o \u00e9 influenciar o destino das crian\u00e7as e jovens do mundo, fornecendo-lhes a eterna Palavra de Deus.<\/span><span style=\"font-weight: 400;\"><br \/>\n<\/span><span style=\"font-weight: 400;\"><br \/>\n<\/span><span style=\"font-weight: 400;\">Sua vis\u00e3o \u00e9 alcan\u00e7ar cada crian\u00e7a e jovem em cada na\u00e7\u00e3o com uma mensagem relevante do evangelho at\u00e9 o ano de 2030.<\/span><\/p>\n\n\t\t<\/div>\n\t<\/div>\n<\/div><\/div><\/div><\/div><div class=\"vc_row wpb_row vc_inner vc_row-fluid vc_row-o-content-middle vc_row-flex\"><div class=\"wpb_column vc_column_container vc_col-sm-8\"><div class=\"vc_column-inner\"><div class=\"wpb_wrapper\"><h2 style=\"font-size: 28px;color: #333333;line-height: 35px;text-align: left\" class=\"vc_custom_heading\" >Editorial Mundo Hispano<\/h2>\n\t<div class=\"wpb_text_column wpb_content_element\" id=\"cru\">\n\t\t<div class=\"wpb_wrapper\">\n\t\t\t<p><span style=\"font-weight: 400;\">Desde 1905, eles t\u00eam aben\u00e7oado continuamente o mundo de l\u00edngua espanhola com recursos. Possuem mais de 100 anos de experi\u00eancia.<\/span><\/p>\n<p><span style=\"font-weight: 400;\">Sua vis\u00e3o \u00e9 comunicar a mensagem de Jesus Cristo, por meio de m\u00eddias impressas e digitais, a fim de encorajar e apoiar a forma\u00e7\u00e3o de seus disc\u00edpulos. Compromisso, Inova\u00e7\u00e3o, Excel\u00eancia, Integridade! <\/span><\/p>\n\n\t\t<\/div>\n\t<\/div>\n\n\t<div class=\"wpb_video_widget wpb_content_element vc_clearfix   vc_video-aspect-ratio-169 vc_video-el-width-100 vc_video-align-left\" >\n\t\t<div class=\"wpb_wrapper\">\n\t\t\t\n\t\t\t<div class=\"wpb_video_wrapper\"><iframe title=\"Video Editorial Mundo Hispano\" width=\"500\" height=\"281\" src=\"https:\/\/www.youtube.com\/embed\/5AvJZnH2OSo?feature=oembed\" frameborder=\"0\" allow=\"accelerometer; autoplay; clipboard-write; encrypted-media; gyroscope; picture-in-picture; web-share\" allowfullscreen><\/iframe><\/div>\n\t\t<\/div>\n\t<\/div>\n<\/div><\/div><\/div><div class=\"wpb_column vc_column_container vc_col-sm-4\"><div class=\"vc_column-inner\"><div class=\"wpb_wrapper\">\n\t<div  class=\"wpb_single_image wpb_content_element vc_align_center\">\n\t\t\n\t\t<figure class=\"wpb_wrapper vc_figure\">\n\t\t\t<div class=\"vc_single_image-wrapper   vc_box_border_grey\"><img width=\"1568\" height=\"1567\" src=\"https:\/\/ubla.online\/wp-content\/uploads\/2020\/11\/mundo-hispano.png\" class=\"vc_single_image-img attachment-full\" alt=\"\" decoding=\"async\" loading=\"lazy\" \/><\/div>\n\t\t<\/figure>\n\t<\/div>\n<\/div><\/div><\/div><\/div><div class=\"vc_row wpb_row vc_inner vc_row-fluid vc_row-o-content-middle vc_row-flex\"><div class=\"wpb_column vc_column_container vc_col-sm-4\"><div class=\"vc_column-inner\"><div class=\"wpb_wrapper\">\n\t<div  class=\"wpb_single_image wpb_content_element vc_align_center\">\n\t\t\n\t\t<figure class=\"wpb_wrapper vc_figure\">\n\t\t\t<div class=\"vc_single_image-wrapper   vc_box_border_grey\"><img width=\"1624\" height=\"1218\" src=\"https:\/\/ubla.online\/wp-content\/uploads\/2020\/11\/cru.png\" class=\"vc_single_image-img attachment-full\" alt=\"\" decoding=\"async\" loading=\"lazy\" \/><\/div>\n\t\t<\/figure>\n\t<\/div>\n<\/div><\/div><\/div><div class=\"wpb_column vc_column_container vc_col-sm-8\"><div class=\"vc_column-inner\"><div class=\"wpb_wrapper\"><h2 style=\"font-size: 28px;color: #333333;line-height: 35px;text-align: justify\" class=\"vc_custom_heading\" >CRU<\/h2>\n\t<div class=\"wpb_text_column wpb_content_element\" id=\"david\">\n\t\t<div class=\"wpb_wrapper\">\n\t\t\t<p><span style=\"font-weight: 400;\">Deus os guiou a reconhecer o valor estrat\u00e9gico dos estudantes universit\u00e1rios para auxiliar no cumprimento da Grande Comiss\u00e3o.<\/span><span style=\"font-weight: 400;\"><br \/>\n<\/span><span style=\"font-weight: 400;\"><br \/>\n<\/span><span style=\"font-weight: 400;\">Sua miss\u00e3o \u00e9 ganhar, edificar e enviar disc\u00edpulos multiplicadores centrados em Cristo. <\/span><span style=\"font-weight: 400;\"><br \/>\n<\/span><span style=\"font-weight: 400;\"><br \/>\n<\/span><span style=\"font-weight: 400;\">Seus valores s\u00e3o:<\/span><span style=\"font-weight: 400;\"><br \/>\n<\/span><span style=\"font-weight: 400;\">*F\u00e9<\/span><span style=\"font-weight: 400;\"><br \/>\n<\/span><span style=\"font-weight: 400;\">*Crescimento<\/span><span style=\"font-weight: 400;\"><br \/>\n<\/span><span style=\"font-weight: 400;\">*Fruto Abundante<\/span><\/p>\n\n\t\t<\/div>\n\t<\/div>\n\n\t<div class=\"wpb_video_widget wpb_content_element vc_clearfix   vc_video-aspect-ratio-169 vc_video-el-width-100 vc_video-align-left\" >\n\t\t<div class=\"wpb_wrapper\">\n\t\t\t\n\t\t\t<div class=\"wpb_video_wrapper\"><iframe title=\"Video CRU\" width=\"500\" height=\"281\" src=\"https:\/\/www.youtube.com\/embed\/VTif2Q47M2A?feature=oembed\" frameborder=\"0\" allow=\"accelerometer; autoplay; clipboard-write; encrypted-media; gyroscope; picture-in-picture; web-share\" allowfullscreen><\/iframe><\/div>\n\t\t<\/div>\n\t<\/div>\n<\/div><\/div><\/div><\/div><div class=\"vc_row wpb_row vc_inner vc_row-fluid vc_row-o-content-middle vc_row-flex\"><div class=\"wpb_column vc_column_container vc_col-sm-8\"><div class=\"vc_column-inner\"><div class=\"wpb_wrapper\"><h2 style=\"font-size: 28px;color: #333333;line-height: 35px;text-align: left\" class=\"vc_custom_heading\" >David Cook<\/h2>\n\t<div class=\"wpb_text_column wpb_content_element\" id=\"ibm\">\n\t\t<div class=\"wpb_wrapper\">\n\t\t\t<p><span style=\"font-weight: 400;\">\u00c9 uma organiza\u00e7\u00e3o sem fins lucrativos dedicada a publicar e distribuir recursos de lideran\u00e7a, discipulado e adora\u00e7\u00e3o para ajudar crist\u00e3os ao redor do mundo a crescerem em sua f\u00e9 e transmiti-la \u00e0 pr\u00f3xima gera\u00e7\u00e3o.<\/span><span style=\"font-weight: 400;\"><br \/>\n<\/span><span style=\"font-weight: 400;\">\u00a0<\/span><span style=\"font-weight: 400;\"><br \/>\n<\/span><span style=\"font-weight: 400;\">Sua miss\u00e3o \u00e9 equipar a igreja com recursos centrados em Cristo para fazer e ensinar disc\u00edpulos que obedientemente transformem as gera\u00e7\u00f5es de hoje.<\/span><\/p>\n\n\t\t<\/div>\n\t<\/div>\n\n\t<div class=\"wpb_video_widget wpb_content_element vc_clearfix   vc_video-aspect-ratio-169 vc_video-el-width-100 vc_video-align-left\" >\n\t\t<div class=\"wpb_wrapper\">\n\t\t\t\n\t\t\t<div class=\"wpb_video_wrapper\"><iframe title=\"Video David C Cook\" width=\"500\" height=\"281\" src=\"https:\/\/www.youtube.com\/embed\/txERzPkmFRk?feature=oembed\" frameborder=\"0\" allow=\"accelerometer; autoplay; clipboard-write; encrypted-media; gyroscope; picture-in-picture; web-share\" allowfullscreen><\/iframe><\/div>\n\t\t<\/div>\n\t<\/div>\n<\/div><\/div><\/div><div class=\"wpb_column vc_column_container vc_col-sm-4\"><div class=\"vc_column-inner\"><div class=\"wpb_wrapper\">\n\t<div  class=\"wpb_single_image wpb_content_element vc_align_center\">\n\t\t\n\t\t<figure class=\"wpb_wrapper vc_figure\">\n\t\t\t<div class=\"vc_single_image-wrapper   vc_box_border_grey\"><img width=\"900\" height=\"500\" src=\"https:\/\/ubla.online\/wp-content\/uploads\/2020\/11\/david-c-cook-logo-vector.png\" class=\"vc_single_image-img attachment-full\" alt=\"\" decoding=\"async\" loading=\"lazy\" \/><\/div>\n\t\t<\/figure>\n\t<\/div>\n<\/div><\/div><\/div><\/div><div class=\"vc_row wpb_row vc_inner vc_row-fluid vc_row-o-content-middle vc_row-flex\"><div class=\"wpb_column vc_column_container vc_col-sm-4\"><div class=\"vc_column-inner\"><div class=\"wpb_wrapper\">\n\t<div  class=\"wpb_single_image wpb_content_element vc_align_center\">\n\t\t\n\t\t<figure class=\"wpb_wrapper vc_figure\">\n\t\t\t<div class=\"vc_single_image-wrapper   vc_box_border_grey\"><img width=\"1814\" height=\"622\" src=\"https:\/\/ubla.online\/wp-content\/uploads\/2023\/06\/IMB-logotipo.png\" class=\"vc_single_image-img attachment-full\" alt=\"\" decoding=\"async\" loading=\"lazy\" srcset=\"https:\/\/ubla.online\/wp-content\/uploads\/2023\/06\/IMB-logotipo.png 1814w, https:\/\/ubla.online\/wp-content\/uploads\/2023\/06\/IMB-logotipo-300x103.png 300w, https:\/\/ubla.online\/wp-content\/uploads\/2023\/06\/IMB-logotipo-1024x351.png 1024w, https:\/\/ubla.online\/wp-content\/uploads\/2023\/06\/IMB-logotipo-768x263.png 768w, https:\/\/ubla.online\/wp-content\/uploads\/2023\/06\/IMB-logotipo-1536x527.png 1536w, https:\/\/ubla.online\/wp-content\/uploads\/2023\/06\/IMB-logotipo-600x206.png 600w\" sizes=\"(max-width: 1814px) 100vw, 1814px\" \/><\/div>\n\t\t<\/figure>\n\t<\/div>\n<\/div><\/div><\/div><div class=\"wpb_column vc_column_container vc_col-sm-8\"><div class=\"vc_column-inner\"><div class=\"wpb_wrapper\"><h2 style=\"font-size: 28px;color: #333333;line-height: 35px;text-align: justify\" class=\"vc_custom_heading\" >IMB INTERNATIONAL MISSION BOARD<\/h2>\n\t<div class=\"wpb_text_column wpb_content_element\" >\n\t\t<div class=\"wpb_wrapper\">\n\t\t\t<p><span style=\"font-weight: 400;\">Deus tem dado Sua vis\u00e3o \u00e0 igreja. Essa vis\u00e3o, expressa t\u00e3o claramente em Apocalipse 7:9, de uma multid\u00e3o de todas as l\u00ednguas, povos, tribos e na\u00e7\u00f5es, \u00e9 a Sua vis\u00e3o.<\/span><span style=\"font-weight: 400;\"><br \/>\n<\/span><\/p>\n\n\t\t<\/div>\n\t<\/div>\n\n\t<div class=\"wpb_video_widget wpb_content_element vc_clearfix   vc_video-aspect-ratio-169 vc_video-el-width-100 vc_video-align-left\" >\n\t\t<div class=\"wpb_wrapper\">\n\t\t\t\n\t\t\t<div class=\"wpb_video_wrapper\"><iframe title=\"Video IMB\" width=\"500\" height=\"281\" src=\"https:\/\/www.youtube.com\/embed\/kOsg1V_OLBo?feature=oembed\" frameborder=\"0\" allow=\"accelerometer; autoplay; clipboard-write; encrypted-media; gyroscope; picture-in-picture; web-share\" allowfullscreen><\/iframe><\/div>\n\t\t<\/div>\n\t<\/div>\n<\/div><\/div><\/div><\/div><\/div><\/div><\/div><\/div>","protected":false},"excerpt":{"rendered":"MinisteriosWorld Vision M\u00e1s de 70 a\u00f1os trabajando en ayuda humanitaria, desarrollo social y en la protecci\u00f3n de la ni\u00f1ez. \u00a0&hellip;","protected":false},"author":1,"featured_media":0,"parent":0,"menu_order":0,"comment_status":"closed","ping_status":"closed","template":"","meta":{"ngg_post_thumbnail":0},"_links":{"self":[{"href":"https:\/\/ubla.online\/pt\/wp-json\/wp\/v2\/pages\/3489"}],"collection":[{"href":"https:\/\/ubla.online\/pt\/wp-json\/wp\/v2\/pages"}],"about":[{"href":"https:\/\/ubla.online\/pt\/wp-json\/wp\/v2\/types\/page"}],"author":[{"embeddable":true,"href":"https:\/\/ubla.online\/pt\/wp-json\/wp\/v2\/users\/1"}],"replies":[{"embeddable":true,"href":"https:\/\/ubla.online\/pt\/wp-json\/wp\/v2\/comments?post=3489"}],"version-history":[{"count":30,"href":"https:\/\/ubla.online\/pt\/wp-json\/wp\/v2\/pages\/3489\/revisions"}],"predecessor-version":[{"id":3758,"href":"https:\/\/ubla.online\/pt\/wp-json\/wp\/v2\/pages\/3489\/revisions\/3758"}],"wp:attachment":[{"href":"https:\/\/ubla.online\/pt\/wp-json\/wp\/v2\/media?parent=3489"}],"curies":[{"name":"wp","href":"https:\/\/api.w.org\/{rel}","templated":true}]}}