{"id":17,"date":"2017-06-27T03:30:03","date_gmt":"2017-06-27T03:30:03","guid":{"rendered":"http:\/\/bearsthemes.com\/themes\/alone-community-church\/?page_id=17"},"modified":"2019-06-24T15:08:04","modified_gmt":"2019-06-24T15:08:04","slug":"events-grid","status":"publish","type":"page","link":"https:\/\/ubla.online\/pt\/events-grid\/","title":{"rendered":"Events Grid"},"content":{"rendered":"<div class=\"vc_row wpb_row vc_row-fluid\"><div class=\"wpb_column vc_column_container vc_col-sm-12\"><div class=\"vc_column-inner\"><div class=\"wpb_wrapper\"><div  class=\"wpb_theme_custom_element wpb_events_grid\">\n\t<div class=\"vc-custom-inner-wrap\" data-bears-masonryhybrid='{\"col\": 3, \"space\": 40}'>\n\t\t<div class=\"grid-sizer\"><\/div>\n\t\t<div class=\"gutter-sizer\"><\/div>\n\t\t<div class=\"item-inner grid-item layout-default\"><div class=\"event-featured-image-wrap\"><div class=\"event-thumbnail\" style=\"background: url(https:\/\/ubla.online\/wp-content\/uploads\/2023\/05\/IMG_4624-614x346.jpg) center center \/ cover, #9E9E9E;\"><\/div><div class=\"alone-event-date\"><div class=\"alone-event-day\"><span>11<\/span> maio 2023<\/div><\/div><\/div><div class=\"content-entry\"><a href=\"https:\/\/ubla.online\/pt\/event\/congreso-mision-relevante\/\" class=\"title-link\" title=\"Congresso Miss\u00e3o Relevante\"><div class=\"title\">Congresso Miss\u00e3o Relevante<\/div><\/a><div class=\"alone-event-time\"><i class=\"fa fa-clock-o\" aria-hidden=\"true\"> <\/i> 08:00 <span> By admin<\/span><\/div><p class=\"alone-excerpt\">Del 25 al 28 de abril del 2023, se realiz\u00f3 el Congreso \u201cMisi\u00f3n Relevante\u201d en la ciudad de C\u00f3rdoba \u2013&hellip;<\/p><div class=\"venue-empty\"><i class=\"fa fa-map-marker\" aria-hidden=\"true\"> <\/i> <span class=\"tribe-address\">\n\n\n\n\n\n\n<\/span>\n<\/div><\/div><\/div><div class=\"item-inner grid-item layout-default\"><div class=\"event-featured-image-wrap\"><div class=\"event-thumbnail\" style=\"background: url(https:\/\/ubla.online\/wp-content\/uploads\/2020\/11\/mision-discipulado-y-ciudad-hoy-1.jpg) center center \/ cover, #9E9E9E;\"><\/div><div class=\"alone-event-date\"><div class=\"alone-event-day\"><span>01<\/span> jul 2020<\/div><\/div><\/div><div class=\"content-entry\"><a href=\"https:\/\/ubla.online\/pt\/event\/mision-discipulado-y-ciudad\/\" class=\"title-link\" title=\"Miss\u00e3o, Discipulado e Cidade\"><div class=\"title\">Miss\u00e3o, Discipulado e Cidade<\/div><\/a><div class=\"alone-event-time\"><i class=\"fa fa-clock-o\" aria-hidden=\"true\"> <\/i> 08:00 <span> By admin<\/span><\/div><p class=\"alone-excerpt\">Realizamos as jornadas de reflex\u00e3o teol\u00f3gica sob o tema \"Miss\u00e3o, Discipulado e Cidade Hoje\", contando com a participa\u00e7\u00e3o de reitores, decanos...<\/p><div class=\"venue-empty\"><i class=\"fa fa-map-marker\" aria-hidden=\"true\"> <\/i> <span class=\"tribe-address\">\n\n\n\n\n\n\n<\/span>\n<\/div><\/div><\/div><div class=\"item-inner grid-item layout-default\"><div class=\"event-featured-image-wrap\"><div class=\"event-thumbnail\" style=\"background: url(https:\/\/ubla.online\/wp-content\/uploads\/2020\/11\/cartas-a-la-amada-iglesia.jpg) center center \/ cover, #9E9E9E;\"><\/div><div class=\"alone-event-date\"><div class=\"alone-event-day\"><span>01<\/span> maio 2020<\/div><\/div><\/div><div class=\"content-entry\"><a href=\"https:\/\/ubla.online\/pt\/event\/cartas-a-la-amada-iglesia-en-las-casas\/\" class=\"title-link\" title=\"Cartas \u00e0 Amada Igreja nas Casas\"><div class=\"title\">Cartas \u00e0 Amada Igreja nas Casas<\/div><\/a><div class=\"alone-event-time\"><i class=\"fa fa-clock-o\" aria-hidden=\"true\"> <\/i> 08:00 <span> By admin<\/span><\/div><p class=\"alone-excerpt\">N\u00f3s realizamos esta iniciativa da Editorial Mundo Hispano em conjunto com a mesa de Educa\u00e7\u00e3o Teol\u00f3gica e Lideran\u00e7a Aprovada.<\/p><div class=\"venue-empty\"><i class=\"fa fa-map-marker\" aria-hidden=\"true\"> <\/i> <span class=\"tribe-address\">\n\n\n\n\n\n\n<\/span>\n<\/div><\/div><\/div><div class=\"item-inner grid-item layout-default\"><div class=\"event-featured-image-wrap\"><div class=\"event-thumbnail\" style=\"background: url(https:\/\/ubla.online\/wp-content\/uploads\/2020\/11\/conferencia-de-evangelizacion-y-discipulado.jpg) center center \/ cover, #9E9E9E;\"><\/div><div class=\"alone-event-date\"><div class=\"alone-event-day\"><span>01<\/span> maio 2020<\/div><\/div><\/div><div class=\"content-entry\"><a href=\"https:\/\/ubla.online\/pt\/event\/conferencia-de-evangelizacion-y-discipulado\/\" class=\"title-link\" title=\"Conferencia de Evangelizaci\u00f3n y Discipulado\"><div class=\"title\">Conferencia de Evangelizaci\u00f3n y Discipulado<\/div><\/a><div class=\"alone-event-time\"><i class=\"fa fa-clock-o\" aria-hidden=\"true\"> <\/i> 08:00 <span> By admin<\/span><\/div><p class=\"alone-excerpt\">Gracias al Se\u00f1or con este evento tuvimos el alcance de llegar a m\u00e1s de 2,000 personas, durante 3 d\u00edas, quienes&hellip;<\/p><div class=\"venue-empty\"><i class=\"fa fa-map-marker\" aria-hidden=\"true\"> <\/i> <span class=\"tribe-address\">\n\n\n\n\n\n\n<\/span>\n<\/div><\/div><\/div><div class=\"item-inner grid-item layout-default\"><div class=\"event-featured-image-wrap\"><div class=\"event-thumbnail\" style=\"background: url(https:\/\/ubla.online\/wp-content\/uploads\/2020\/11\/multiplique.jpg) center center \/ cover, #9E9E9E;\"><\/div><div class=\"alone-event-date\"><div class=\"alone-event-day\"><span>01<\/span> maio 2020<\/div><\/div><\/div><div class=\"content-entry\"><a href=\"https:\/\/ubla.online\/pt\/event\/multiplique\/\" class=\"title-link\" title=\"Multiplique\"><div class=\"title\">Multiplique<\/div><\/a><div class=\"alone-event-time\"><i class=\"fa fa-clock-o\" aria-hidden=\"true\"> <\/i> 08:00 <span> By admin<\/span><\/div><p class=\"alone-excerpt\"><\/p><div class=\"venue-empty\"><i class=\"fa fa-map-marker\" aria-hidden=\"true\"> <\/i> <span class=\"tribe-address\">\n\n\n\n\n\n\n<\/span>\n<\/div><\/div><\/div><div class=\"item-inner grid-item layout-default\"><div class=\"event-featured-image-wrap\"><div class=\"event-thumbnail\" style=\"background: url(https:\/\/ubla.online\/wp-content\/uploads\/2020\/11\/semana-continental-de-la-oracion.jpg) center center \/ cover, #9E9E9E;\"><\/div><div class=\"alone-event-date\"><div class=\"alone-event-day\"><span>01<\/span> mar 2020<\/div><\/div><\/div><div class=\"content-entry\"><a href=\"https:\/\/ubla.online\/pt\/event\/semana-continental-de-oracion\/\" class=\"title-link\" title=\"Semana Continental de Oraci\u00f3n\"><div class=\"title\">Semana Continental de Oraci\u00f3n<\/div><\/a><div class=\"alone-event-time\"><i class=\"fa fa-clock-o\" aria-hidden=\"true\"> <\/i> 08:00 <span> By admin<\/span><\/div><p class=\"alone-excerpt\">Con motivo a la pandemia, se llev\u00f3 a cabo un tiempo continental de oraci\u00f3n cuyo prop\u00f3sito fue levantar un clamor&hellip;<\/p><div class=\"venue-empty\"><i class=\"fa fa-map-marker\" aria-hidden=\"true\"> <\/i> <span class=\"tribe-address\">\n\n\n\n\n\n\n<\/span>\n<\/div><\/div><\/div>  <\/div>\n<\/div>\n<\/div><\/div><\/div><\/div>","protected":false},"excerpt":{"rendered":"11 maio 2023Congreso \u201cMisi\u00f3n Relevante\u201d 08:00 By adminDel 25 al 28 de abril del 2023, se realiz\u00f3 el Congreso \u201cMisi\u00f3n&hellip;","protected":false},"author":1,"featured_media":0,"parent":0,"menu_order":0,"comment_status":"closed","ping_status":"closed","template":"","meta":{"ngg_post_thumbnail":0},"_links":{"self":[{"href":"https:\/\/ubla.online\/pt\/wp-json\/wp\/v2\/pages\/17"}],"collection":[{"href":"https:\/\/ubla.online\/pt\/wp-json\/wp\/v2\/pages"}],"about":[{"href":"https:\/\/ubla.online\/pt\/wp-json\/wp\/v2\/types\/page"}],"author":[{"embeddable":true,"href":"https:\/\/ubla.online\/pt\/wp-json\/wp\/v2\/users\/1"}],"replies":[{"embeddable":true,"href":"https:\/\/ubla.online\/pt\/wp-json\/wp\/v2\/comments?post=17"}],"version-history":[{"count":1,"href":"https:\/\/ubla.online\/pt\/wp-json\/wp\/v2\/pages\/17\/revisions"}],"predecessor-version":[{"id":3372,"href":"https:\/\/ubla.online\/pt\/wp-json\/wp\/v2\/pages\/17\/revisions\/3372"}],"wp:attachment":[{"href":"https:\/\/ubla.online\/pt\/wp-json\/wp\/v2\/media?parent=17"}],"curies":[{"name":"wp","href":"https:\/\/api.w.org\/{rel}","templated":true}]}}