{"id":15,"date":"2017-06-27T03:30:03","date_gmt":"2017-06-27T03:30:03","guid":{"rendered":"http:\/\/bearsthemes.com\/themes\/alone-community-church\/?page_id=15"},"modified":"2020-11-10T02:11:22","modified_gmt":"2020-11-10T02:11:22","slug":"contactanos","status":"publish","type":"page","link":"https:\/\/ubla.online\/pt\/contactanos\/","title":{"rendered":"Contate-nos"},"content":{"rendered":"<section data-vc-full-width=\"true\" data-vc-full-width-init=\"false\" data-vc-stretch-content=\"true\" class=\"vc_section vc_custom_1535122416486\"><div class=\"vc_row wpb_row vc_row-fluid\"><div class=\"wpb_column vc_column_container vc_col-sm-12\"><div class=\"vc_column-inner\"><div class=\"wpb_wrapper\"><h2 style=\"font-size: 55px;color: #080808;line-height: 60px;text-align: center\" class=\"vc_custom_heading font-mobile vc_custom_1604972306040\" >Contate-nos<\/h2><\/div><\/div><\/div><\/div><div class=\"vc_row wpb_row vc_row-fluid vc_custom_1604974233071 vc_row-o-equal-height vc_row-flex\"><div data-animate=\"fadeInUp\" data-duration=\"1.6\" data-delay=\".2\" class=\"wpb_column vc_column_container vc_col-sm-4\"><div class=\"vc_column-inner\"><div class=\"wpb_wrapper\"><h6 style=\"color: #080808;text-align: center\" class=\"vc_custom_heading font-mobile vc_custom_1604972164606\" >Nosso endere\u00e7o<\/h6><h6 style=\"font-size: 20px;color: #666666;line-height: 28px;text-align: center\" class=\"vc_custom_heading\" >Av. Victor Emilio Estrada 822 e Higueras. Guayaquil \u2013 Ecuador<\/h6><\/div><\/div><\/div><div data-animate=\"fadeInUp\" data-duration=\"1.6\" data-delay=\".2\" class=\"wpb_column vc_column_container vc_col-sm-4\"><div class=\"vc_column-inner\"><div class=\"wpb_wrapper\"><h6 style=\"color: #080808;text-align: center\" class=\"vc_custom_heading font-mobile vc_custom_1604972173632\" >Nosso telefone<\/h6><h6 style=\"font-size: 20px;color: #666666;line-height: 28px;text-align: center\" class=\"vc_custom_heading\" >(+593)4-460-4865<\/h6><\/div><\/div><\/div><div data-animate=\"fadeInUp\" data-duration=\"1.6\" data-delay=\".2\" class=\"wpb_column vc_column_container vc_col-sm-4\"><div class=\"vc_column-inner\"><div class=\"wpb_wrapper\"><h6 style=\"color: #080808;text-align: center\" class=\"vc_custom_heading font-mobile vc_custom_1604972181540\" >Nosso e-mail<\/h6><h6 style=\"font-size: 20px;color: #666666;line-height: 28px;text-align: center\" class=\"vc_custom_heading\" >pjacomeh@hotmail.com<\/h6><\/div><\/div><\/div><\/div><div data-vc-full-width=\"true\" data-vc-full-width-init=\"false\" data-vc-stretch-content=\"true\" class=\"vc_row wpb_row vc_row-fluid vc_row-no-padding\"><div class=\"wpb_column vc_column_container vc_col-sm-12\"><div class=\"vc_column-inner\"><div class=\"wpb_wrapper\"><div class=\"wpb_gmaps_widget wpb_content_element\"><div class=\"wpb_wrapper\"><div class=\"wpb_map_wraper\"><iframe src=\"https:\/\/www.google.com\/maps\/embed?pb=!1m18!1m12!1m3!1d3986.971779142445!2d-79.91421644915067!3d-2.1644403984145533!2m3!1f0!2f0!3f0!3m2!1i1024!2i768!4f13.1!3m3!1m2!1s0x902d6d8e976bab2b%3A0xd26801932cb71277!2sVictor%20Emilio%20Estrada%20822%2C%20Guayaquil%20090507!5e0!3m2!1ses-419!2sec!4v1604972368008!5m2!1ses-419!2sec\" width=\"600\" height=\"450\" frameborder=\"0\" style=\"border:0\" allowfullscreen><\/iframe><\/div><\/div><\/div><\/div><\/div><\/div><\/div><div class=\"vc_row-full-width vc_clearfix\"><\/div><\/section><div class=\"vc_row-full-width vc_clearfix\"><\/div><section class=\"vc_section vc_custom_1561427552198\"><div class=\"vc_row wpb_row vc_row-fluid\"><div class=\"wpb_column vc_column_container vc_col-sm-12 vc_col-lg-offset-0 vc_col-md-offset-0\"><div class=\"vc_column-inner\"><div class=\"wpb_wrapper\"><h2 style=\"text-align: left;letter-spacing: -1px\" class=\"vc_custom_heading vc_custom_1604774364595\" >Escreva para n\u00f3s e entraremos em contato imediatamente.<\/h2><div class=\"vc_separator wpb_content_element vc_separator_align_center vc_sep_width_20 vc_sep_pos_align_left vc_separator_no_text vc_sep_color_grey\" ><span class=\"vc_sep_holder vc_sep_holder_l\"><span  class=\"vc_sep_line\"><\/span><\/span><span class=\"vc_sep_holder vc_sep_holder_r\"><span  class=\"vc_sep_line\"><\/span><\/span>\n<\/div>\n<div class=\"wpcf7 no-js\" id=\"wpcf7-f3265-o1\" lang=\"en-US\" dir=\"ltr\">\n<div class=\"screen-reader-response\"><p role=\"status\" aria-live=\"polite\" aria-atomic=\"true\"><\/p> <ul><\/ul><\/div>\n<form action=\"\/pt\/wp-json\/wp\/v2\/pages\/15#wpcf7-f3265-o1\" method=\"post\" class=\"wpcf7-form init\" aria-label=\"Contact form\" novalidate=\"novalidate\" data-status=\"init\" data-trp-original-action=\"\/pt\/wp-json\/wp\/v2\/pages\/15#wpcf7-f3265-o1\">\n<div style=\"display: none;\">\n<input type=\"hidden\" name=\"_wpcf7\" value=\"3265\" \/>\n<input type=\"hidden\" name=\"_wpcf7_version\" value=\"5.8.3\" \/>\n<input type=\"hidden\" name=\"_wpcf7_locale\" value=\"en_US\" \/>\n<input type=\"hidden\" name=\"_wpcf7_unit_tag\" value=\"wpcf7-f3265-o1\" \/>\n<input type=\"hidden\" name=\"_wpcf7_container_post\" value=\"0\" \/>\n<input type=\"hidden\" name=\"_wpcf7_posted_data_hash\" value=\"\" \/>\n<\/div>\n<div class=\"ctf ct-name\">\n\t<p><label> Nomes Completos *<br \/>\n<span class=\"wpcf7-form-control-wrap\" data-name=\"your-name\"><input size=\"40\" class=\"wpcf7-form-control wpcf7-text wpcf7-validates-as-required\" aria-required=\"true\" aria-invalid=\"false\" value=\"\" type=\"text\" name=\"your-name\" \/><\/span> <\/label>\n\t<\/p>\n<\/div>\n<div class=\"ctf ct-email\">\n\t<p><label> E-mail *<br \/>\n<span class=\"wpcf7-form-control-wrap\" data-name=\"your-email\"><input size=\"40\" class=\"wpcf7-form-control wpcf7-email wpcf7-validates-as-required wpcf7-text wpcf7-validates-as-email\" aria-required=\"true\" aria-invalid=\"false\" value=\"\" type=\"email\" name=\"your-email\" \/><\/span> <\/label>\n\t<\/p>\n<\/div>\n<div class=\"ctf ct-sub\">\n\t<p><label> Assunto<br \/>\n<span class=\"wpcf7-form-control-wrap\" data-name=\"your-subject\"><input size=\"40\" class=\"wpcf7-form-control wpcf7-text\" aria-invalid=\"false\" value=\"\" type=\"text\" name=\"your-subject\" \/><\/span> <\/label>\n\t<\/p>\n<\/div>\n<div class=\"ctf ct-mess\">\n\t<p><label> Mensagem<br \/>\n<span class=\"wpcf7-form-control-wrap\" data-name=\"your-message\"><textarea cols=\"40\" rows=\"10\" class=\"wpcf7-form-control wpcf7-textarea\" aria-invalid=\"false\" name=\"your-message\"><\/textarea><\/span> <\/label>\n\t<\/p>\n<\/div>\n<p><input class=\"wpcf7-form-control wpcf7-submit has-spinner\" type=\"submit\" value=\"Enviar\" \/>\n<\/p><input type='hidden' class='wpcf7-pum' value='{\"closepopup\":false,\"closedelay\":0,\"openpopup\":false,\"openpopup_id\":0}' \/><div class=\"wpcf7-response-output\" aria-hidden=\"true\"><\/div>\n<input type=\"hidden\" name=\"trp-form-language\" value=\"pt\"\/><\/form>\n<\/div>\n<\/div><\/div><\/div><\/div><\/section>","protected":false},"excerpt":{"rendered":"Cont\u00e1ctanosNuestra direcci\u00f3nAv. Victor Emilio Estrada 822 e Higueras. Guayaquil \u2013 EcuadorNuestro Tel\u00e9fono(+593)4-460-4865Nuestro Correo Electr\u00f3nicopjacomeh@hotmail.comEscr\u00edbenos y de inmediato te cont\u00e1ctaremos Nombres&hellip;","protected":false},"author":1,"featured_media":0,"parent":0,"menu_order":0,"comment_status":"closed","ping_status":"closed","template":"","meta":{"ngg_post_thumbnail":0},"_links":{"self":[{"href":"https:\/\/ubla.online\/pt\/wp-json\/wp\/v2\/pages\/15"}],"collection":[{"href":"https:\/\/ubla.online\/pt\/wp-json\/wp\/v2\/pages"}],"about":[{"href":"https:\/\/ubla.online\/pt\/wp-json\/wp\/v2\/types\/page"}],"author":[{"embeddable":true,"href":"https:\/\/ubla.online\/pt\/wp-json\/wp\/v2\/users\/1"}],"replies":[{"embeddable":true,"href":"https:\/\/ubla.online\/pt\/wp-json\/wp\/v2\/comments?post=15"}],"version-history":[{"count":7,"href":"https:\/\/ubla.online\/pt\/wp-json\/wp\/v2\/pages\/15\/revisions"}],"predecessor-version":[{"id":3474,"href":"https:\/\/ubla.online\/pt\/wp-json\/wp\/v2\/pages\/15\/revisions\/3474"}],"wp:attachment":[{"href":"https:\/\/ubla.online\/pt\/wp-json\/wp\/v2\/media?parent=15"}],"curies":[{"name":"wp","href":"https:\/\/api.w.org\/{rel}","templated":true}]}}