{"id":14,"date":"2017-06-27T03:30:03","date_gmt":"2017-06-27T03:30:03","guid":{"rendered":"http:\/\/bearsthemes.com\/themes\/alone-community-church\/?page_id=14"},"modified":"2023-06-20T15:14:47","modified_gmt":"2023-06-20T15:14:47","slug":"nosotros","status":"publish","type":"page","link":"https:\/\/ubla.online\/pt\/nosotros\/","title":{"rendered":"N\u00f3s"},"content":{"rendered":"<section class=\"vc_section vc_custom_1501467764272\"><div id=\"historia\" class=\"vc_row wpb_row vc_row-fluid vc_row-o-content-middle vc_row-flex\"><div class=\"wpb_column vc_column_container vc_col-sm-6\"><div class=\"vc_column-inner\"><div class=\"wpb_wrapper\"><h2 style=\"text-align: left;font-family:Raleway;font-weight:800;font-style:normal;letter-spacing: -1.8px\" class=\"vc_custom_heading\" ><b>Nossa hist\u00f3ria<\/b><\/h2>\n\t<div class=\"wpb_text_column wpb_content_element  vc_custom_1605040741278\" >\n\t\t<div class=\"wpb_wrapper\">\n\t\t\t<blockquote>\n<p>A Uni\u00e3o Batista Latino-Americana - UBLA \u00e9 uma organiza\u00e7\u00e3o crist\u00e3 evang\u00e9lica que re\u00fane e coordena as Conven\u00e7\u00f5es, Uni\u00f5es e Fraternidades das Igrejas Batistas da Am\u00e9rica Latina e suas comunidades de l\u00edngua espanhola e portuguesa ao redor do mundo, com o objetivo declarado de \"... a expans\u00e3o do evangelho\".<\/p>\n<p>Simultaneamente, \u00e9 um dos seis \u00f3rg\u00e3os regionais representados na Alian\u00e7a Batista Mundial.<\/p>\n<\/blockquote>\n\n\t\t<\/div>\n\t<\/div>\n<\/div><\/div><\/div><div class=\"wpb_column vc_column_container vc_col-sm-6\"><div class=\"vc_column-inner\"><div class=\"wpb_wrapper\">\n\t<div  class=\"wpb_single_image wpb_content_element vc_align_center\">\n\t\t\n\t\t<figure class=\"wpb_wrapper vc_figure\">\n\t\t\t<div class=\"vc_single_image-wrapper   vc_box_border_grey\"><img width=\"2560\" height=\"1920\" src=\"https:\/\/ubla.online\/wp-content\/uploads\/2023\/06\/Nuestra-Historia-scaled.jpg\" class=\"vc_single_image-img attachment-full\" alt=\"\" decoding=\"async\" loading=\"lazy\" srcset=\"https:\/\/ubla.online\/wp-content\/uploads\/2023\/06\/Nuestra-Historia-scaled.jpg 2560w, https:\/\/ubla.online\/wp-content\/uploads\/2023\/06\/Nuestra-Historia-300x225.jpg 300w, https:\/\/ubla.online\/wp-content\/uploads\/2023\/06\/Nuestra-Historia-1024x768.jpg 1024w, https:\/\/ubla.online\/wp-content\/uploads\/2023\/06\/Nuestra-Historia-768x576.jpg 768w, https:\/\/ubla.online\/wp-content\/uploads\/2023\/06\/Nuestra-Historia-1536x1152.jpg 1536w, https:\/\/ubla.online\/wp-content\/uploads\/2023\/06\/Nuestra-Historia-2048x1536.jpg 2048w, https:\/\/ubla.online\/wp-content\/uploads\/2023\/06\/Nuestra-Historia-16x12.jpg 16w, https:\/\/ubla.online\/wp-content\/uploads\/2023\/06\/Nuestra-Historia-600x450.jpg 600w\" sizes=\"(max-width: 2560px) 100vw, 2560px\" \/><\/div>\n\t\t<\/figure>\n\t<\/div>\n<\/div><\/div><\/div><\/div><div class=\"vc_row wpb_row vc_row-fluid vc_row-o-content-middle vc_row-flex\"><div class=\"wpb_column vc_column_container vc_col-sm-6\"><div class=\"vc_column-inner\"><div class=\"wpb_wrapper\">\n\t<div  class=\"wpb_single_image wpb_content_element vc_align_center\">\n\t\t\n\t\t<figure class=\"wpb_wrapper vc_figure\">\n\t\t\t<div class=\"vc_single_image-wrapper   vc_box_border_grey\"><img width=\"2560\" height=\"1920\" src=\"https:\/\/ubla.online\/wp-content\/uploads\/2023\/05\/IMG_4480-scaled.jpg\" class=\"vc_single_image-img attachment-full\" alt=\"\" decoding=\"async\" loading=\"lazy\" srcset=\"https:\/\/ubla.online\/wp-content\/uploads\/2023\/05\/IMG_4480-scaled.jpg 2560w, https:\/\/ubla.online\/wp-content\/uploads\/2023\/05\/IMG_4480-300x225.jpg 300w, https:\/\/ubla.online\/wp-content\/uploads\/2023\/05\/IMG_4480-1024x768.jpg 1024w, https:\/\/ubla.online\/wp-content\/uploads\/2023\/05\/IMG_4480-768x576.jpg 768w, https:\/\/ubla.online\/wp-content\/uploads\/2023\/05\/IMG_4480-1536x1152.jpg 1536w, https:\/\/ubla.online\/wp-content\/uploads\/2023\/05\/IMG_4480-2048x1536.jpg 2048w, https:\/\/ubla.online\/wp-content\/uploads\/2023\/05\/IMG_4480-600x450.jpg 600w\" sizes=\"(max-width: 2560px) 100vw, 2560px\" \/><\/div>\n\t\t<\/figure>\n\t<\/div>\n<\/div><\/div><\/div><div class=\"wpb_column vc_column_container vc_col-sm-6\"><div class=\"vc_column-inner\"><div class=\"wpb_wrapper\"><h2 style=\"text-align: left;font-family:Raleway;font-weight:800;font-style:normal;letter-spacing: -1.8px\" class=\"vc_custom_heading\" ><b>Origens da UBLA<\/b><\/h2>\n\t<div class=\"wpb_text_column wpb_content_element  vc_custom_1685995766278\" >\n\t\t<div class=\"wpb_wrapper\">\n\t\t\t<blockquote>\n<p>Desde 1930, muitos l\u00edderes e pastores da Am\u00e9rica Latina come\u00e7aram a sonhar com a uni\u00e3o de todos os batistas do continente para cumprir a Grande Comiss\u00e3o do nosso Senhor Jesus Cristo. De 8 a 10 de setembro de 1976, na cidade de Cochabamba, Bol\u00edvia, delegados da Argentina, Brasil, Bol\u00edvia, Col\u00f4mbia, Chile, Equador, Paraguai, Peru, M\u00e9xico, Venezuela e tamb\u00e9m representantes da Miss\u00e3o Batista Canadense, Junta de Miss\u00f5es de Richmond, EUA, Miss\u00e3o Batista Conservadora, Comiss\u00e3o de Miss\u00f5es Estrangeiras da Conven\u00e7\u00e3o Batista Brasileira e a Alian\u00e7a Batista Mundial se reuniram. Quando procederam \u00e0 vota\u00e7\u00e3o, o voto foi un\u00e2nime e a Uni\u00e3o Batista Latino-Americana foi constitu\u00edda, sendo formada por todas as conven\u00e7\u00f5es e uni\u00f5es batistas nacionais da Am\u00e9rica Latina e as juntas mission\u00e1rias.<\/p>\n<\/blockquote>\n\n\t\t<\/div>\n\t<\/div>\n<\/div><\/div><\/div><\/div><div id=\"mision\" class=\"vc_row wpb_row vc_row-fluid vc_row-o-equal-height vc_row-o-content-middle vc_row-flex\"><div class=\"wpb_column vc_column_container vc_col-sm-6\"><div class=\"vc_column-inner vc_custom_1501469736493\"><div class=\"wpb_wrapper\"><h2 style=\"text-align: left;font-family:Raleway;font-weight:800;font-style:normal;letter-spacing: -1.8px\" class=\"vc_custom_heading\" >Nossa miss\u00e3o<\/h2><h3 style=\"color: #636363;text-align: left;font-family:Raleway;font-weight:300;font-style:normal\" class=\"vc_custom_heading vc_custom_1604780388929\" >Vincular os batistas latino-americanos, compartilhando experi\u00eancias, recursos e estrat\u00e9gias, a fim de contribuir com a expans\u00e3o do Reino de Deus.<\/h3><\/div><\/div><\/div><div class=\"wpb_column vc_column_container vc_col-sm-6\"><div class=\"vc_column-inner\"><div class=\"wpb_wrapper\">\n\t<div  class=\"wpb_single_image wpb_content_element vc_align_center\">\n\t\t\n\t\t<figure class=\"wpb_wrapper vc_figure\">\n\t\t\t<div class=\"vc_single_image-wrapper   vc_box_border_grey\"><img width=\"2048\" height=\"1349\" src=\"https:\/\/ubla.online\/wp-content\/uploads\/2023\/06\/Nuestra-Mision.jpg\" class=\"vc_single_image-img attachment-full\" alt=\"\" decoding=\"async\" loading=\"lazy\" srcset=\"https:\/\/ubla.online\/wp-content\/uploads\/2023\/06\/Nuestra-Mision.jpg 2048w, https:\/\/ubla.online\/wp-content\/uploads\/2023\/06\/Nuestra-Mision-300x198.jpg 300w, https:\/\/ubla.online\/wp-content\/uploads\/2023\/06\/Nuestra-Mision-1024x675.jpg 1024w, https:\/\/ubla.online\/wp-content\/uploads\/2023\/06\/Nuestra-Mision-768x506.jpg 768w, https:\/\/ubla.online\/wp-content\/uploads\/2023\/06\/Nuestra-Mision-1536x1012.jpg 1536w, https:\/\/ubla.online\/wp-content\/uploads\/2023\/06\/Nuestra-Mision-18x12.jpg 18w, https:\/\/ubla.online\/wp-content\/uploads\/2023\/06\/Nuestra-Mision-600x395.jpg 600w\" sizes=\"(max-width: 2048px) 100vw, 2048px\" \/><\/div>\n\t\t<\/figure>\n\t<\/div>\n<\/div><\/div><\/div><\/div><div class=\"vc_row wpb_row vc_row-fluid vc_row-o-equal-height vc_row-o-content-middle vc_row-flex\"><div class=\"wpb_column vc_column_container vc_col-sm-6\"><div class=\"vc_column-inner vc_custom_1501469736493\"><div class=\"wpb_wrapper\">\n\t<div  class=\"wpb_single_image wpb_content_element vc_align_center\">\n\t\t\n\t\t<figure class=\"wpb_wrapper vc_figure\">\n\t\t\t<div class=\"vc_single_image-wrapper   vc_box_border_grey\"><img width=\"1440\" height=\"809\" src=\"https:\/\/ubla.online\/wp-content\/uploads\/2023\/06\/El-gran-desafio-de-ayer-y-hoy.jpg\" class=\"vc_single_image-img attachment-full\" alt=\"\" decoding=\"async\" loading=\"lazy\" srcset=\"https:\/\/ubla.online\/wp-content\/uploads\/2023\/06\/El-gran-desafio-de-ayer-y-hoy.jpg 1440w, https:\/\/ubla.online\/wp-content\/uploads\/2023\/06\/El-gran-desafio-de-ayer-y-hoy-300x169.jpg 300w, https:\/\/ubla.online\/wp-content\/uploads\/2023\/06\/El-gran-desafio-de-ayer-y-hoy-1024x575.jpg 1024w, https:\/\/ubla.online\/wp-content\/uploads\/2023\/06\/El-gran-desafio-de-ayer-y-hoy-768x431.jpg 768w, https:\/\/ubla.online\/wp-content\/uploads\/2023\/06\/El-gran-desafio-de-ayer-y-hoy-18x10.jpg 18w, https:\/\/ubla.online\/wp-content\/uploads\/2023\/06\/El-gran-desafio-de-ayer-y-hoy-1228x691.jpg 1228w, https:\/\/ubla.online\/wp-content\/uploads\/2023\/06\/El-gran-desafio-de-ayer-y-hoy-614x346.jpg 614w, https:\/\/ubla.online\/wp-content\/uploads\/2023\/06\/El-gran-desafio-de-ayer-y-hoy-295x166.jpg 295w, https:\/\/ubla.online\/wp-content\/uploads\/2023\/06\/El-gran-desafio-de-ayer-y-hoy-600x337.jpg 600w\" sizes=\"(max-width: 1440px) 100vw, 1440px\" \/><\/div>\n\t\t<\/figure>\n\t<\/div>\n<\/div><\/div><\/div><div class=\"wpb_column vc_column_container vc_col-sm-6\"><div class=\"vc_column-inner\"><div class=\"wpb_wrapper\"><h2 style=\"text-align: left;font-family:Raleway;font-weight:800;font-style:normal;letter-spacing: -1.8px\" class=\"vc_custom_heading\" >O grande desafio de <u>ayer<\/u> y <u>hoy<\/u><\/h2><h3 style=\"color: #636363;text-align: left;font-family:Raleway;font-weight:300;font-style:normal\" class=\"vc_custom_heading vc_custom_1604780573439\" >Em sua origem (1976), a Uni\u00e3o Batista Latino-Americana proclama:<\/h3>\n\t<div class=\"wpb_text_column wpb_content_element  vc_custom_1604780563180\" >\n\t\t<div class=\"wpb_wrapper\">\n\t\t\t<blockquote>\n<p><strong>Batistas da Am\u00e9rica Latina, unamo-nos para a evangeliza\u00e7\u00e3o de nosso continente e do mundo.<\/strong><\/p>\n<\/blockquote>\n\n\t\t<\/div>\n\t<\/div>\n<\/div><\/div><\/div><\/div><\/section><div class=\"vc_row wpb_row vc_row-fluid\"><div class=\"wpb_column vc_column_container vc_col-sm-12\"><div class=\"vc_column-inner\"><div class=\"wpb_wrapper\"><h2 style=\"text-align: center;font-family:Raleway;font-weight:800;font-style:normal;letter-spacing: -1.8px\" class=\"vc_custom_heading\" ><b>Objetivos<\/b><\/h2><div class=\"vc_empty_space\"   style=\"height: 32px\"><span class=\"vc_empty_space_inner\"><\/span><\/div><div class=\"vc_row wpb_row vc_inner vc_row-fluid\"><div class=\"wpb_column vc_column_container vc_col-sm-6\"><div class=\"vc_column-inner\"><div class=\"wpb_wrapper\"><div  class=\"wpb_theme_custom_element wpb_featured_box\">\n  <div class=\"vc-custom-inner-wrap\">\n    <div class=\"featured-box-alignment alignment-center content-alignment-center\"><div class=\"icon-wrap\"><div class=\"type-icon graphic-shape-rounded\" style=\"width: 50px;height: 50px;background-color: #163c71\"><span style=\"color: #ffffff\" class=\"_icon fas fa-hands-helping\"><\/span><\/div><\/div><div class=\"entry-box-wrap\"><h4 class=\"featured-box-title\" style=\"color: #222222;\">Cooperar<\/h4><div class=\"featured-box-text\" style=\"color: #444444;\">Cooperar com as conven\u00e7\u00f5es no planejamento do trabalho mission\u00e1rio, evangel\u00edstico, educacional e de outros minist\u00e9rios<\/div><\/div><\/div>  <\/div>\n<\/div>\n<\/div><\/div><\/div><div class=\"wpb_column vc_column_container vc_col-sm-6\"><div class=\"vc_column-inner\"><div class=\"wpb_wrapper\"><div  class=\"wpb_theme_custom_element wpb_featured_box\">\n  <div class=\"vc-custom-inner-wrap\">\n    <div class=\"featured-box-alignment alignment-center content-alignment-center\"><div class=\"icon-wrap\"><div class=\"type-icon graphic-shape-rounded\" style=\"width: 50px;height: 50px;background-color: #163c71\"><span style=\"color: #ffffff\" class=\"_icon fas fa-user-friends\"><\/span><\/div><\/div><div class=\"entry-box-wrap\"><h4 class=\"featured-box-title\" style=\"color: #222222;\">Companheirismo<\/h4><div class=\"featured-box-text\" style=\"color: #444444;\">Fomentar a camaradagem e a troca de ideias, experi\u00eancias, projetos, problemas e preocupa\u00e7\u00f5es entre os batistas latino-americanos.<\/div><\/div><\/div>  <\/div>\n<\/div>\n<\/div><\/div><\/div><\/div><div class=\"vc_row wpb_row vc_inner vc_row-fluid\"><div class=\"wpb_column vc_column_container vc_col-sm-6\"><div class=\"vc_column-inner\"><div class=\"wpb_wrapper\"><div  class=\"wpb_theme_custom_element wpb_featured_box\">\n  <div class=\"vc-custom-inner-wrap\">\n    <div class=\"featured-box-alignment alignment-center content-alignment-center\"><div class=\"icon-wrap\"><div class=\"type-icon graphic-shape-rounded\" style=\"width: 50px;height: 50px;background-color: #163c71\"><span style=\"color: #ffffff\" class=\"_icon fas fa-hand-holding-heart\"><\/span><\/div><\/div><div class=\"entry-box-wrap\"><h4 class=\"featured-box-title\" style=\"color: #222222;\">Unidade<\/h4><div class=\"featured-box-text\" style=\"color: #444444;\">Alcan\u00e7ar a coopera\u00e7\u00e3o de todas as juntas e organiza\u00e7\u00f5es mission\u00e1rias internas e externas com as conven\u00e7\u00f5es nacionais<\/div><\/div><\/div>  <\/div>\n<\/div>\n<\/div><\/div><\/div><div class=\"wpb_column vc_column_container vc_col-sm-6\"><div class=\"vc_column-inner\"><div class=\"wpb_wrapper\"><div  class=\"wpb_theme_custom_element wpb_featured_box\">\n  <div class=\"vc-custom-inner-wrap\">\n    <div class=\"featured-box-alignment alignment-center content-alignment-center\"><div class=\"icon-wrap\"><div class=\"type-icon graphic-shape-rounded\" style=\"width: 50px;height: 50px;background-color: #163c71\"><span style=\"color: #ffffff\" class=\"_icon fas fa-project-diagram\"><\/span><\/div><\/div><div class=\"entry-box-wrap\"><h4 class=\"featured-box-title\" style=\"color: #222222;\">A\u00e7\u00e3o<\/h4><div class=\"featured-box-text\" style=\"color: #444444;\">Implementar projetos espec\u00edficos que possam ser facilmente realizados individualmente por conven\u00e7\u00f5es ou juntas<\/div><\/div><\/div>  <\/div>\n<\/div>\n<\/div><\/div><\/div><\/div><\/div><\/div><\/div><\/div><div class=\"vc_row wpb_row vc_row-fluid\"><div class=\"wpb_column vc_column_container vc_col-sm-12\"><div class=\"vc_column-inner\"><div class=\"wpb_wrapper\"><h2 style=\"text-align: center;font-family:Raleway;font-weight:800;font-style:normal;letter-spacing: -1.8px\" class=\"vc_custom_heading\" ><b>Unamo-nos<\/b><\/h2>\n\t<div class=\"wpb_text_column wpb_content_element  vc_custom_1604782764439\" >\n\t\t<div class=\"wpb_wrapper\">\n\t\t\t<blockquote>\n<ul>\n<li>No fortalecimento dos la\u00e7os de amizade que existem entre os irm\u00e3os batistas do continente.<\/li>\n<li>Organiza\u00e7\u00f5es nacionais e juntas mission\u00e1rias estrangeiras no amor do Senhor para realizar ombro a ombro a grande tarefa que Deus nos confiou no continente e no mundo.<\/li>\n<li>No fomento \u00e0 capacita\u00e7\u00e3o de l\u00edderes que impulsionar\u00e3o esse esfor\u00e7o evangel\u00edstico em todo o continente.<\/li>\n<li>No esfor\u00e7o de enviar mission\u00e1rios \u00e0s regi\u00f5es onde as pessoas ainda n\u00e3o foram.<\/li>\n<li>No aprofundamento espiritual por meio do estudo e viv\u00eancia da B\u00edblia e pela ora\u00e7\u00e3o.<\/li>\n<li>Ainda mais na comunica\u00e7\u00e3o interpessoal como fam\u00edlia batista, cultivando o amor como \"v\u00ednculo perfeito\".<\/li>\n<li>Para socorrer os que sofrem, especialmente nos tempos de calamidade e dor.<\/li>\n<\/ul>\n<\/blockquote>\n\n\t\t<\/div>\n\t<\/div>\n<\/div><\/div><\/div><\/div><div id=\"directorio\" class=\"vc_row wpb_row vc_row-fluid\"><div class=\"wpb_column vc_column_container vc_col-sm-12\"><div class=\"vc_column-inner\"><div class=\"wpb_wrapper\"><h2 style=\"text-align: center;font-family:Raleway;font-weight:800;font-style:normal;letter-spacing: -1.8px\" class=\"vc_custom_heading\" ><b>Diret\u00f3rio<\/b><\/h2><div class=\"vc_empty_space\"   style=\"height: 32px\"><span class=\"vc_empty_space_inner\"><\/span><\/div>\t\t\t<div class=\"bt-element bt-team-grid-element bt-grid-fixed default\"  >\n\t\t\t\t<div class=\"row\">\n\t\t\t\t\t\t\t\t\t\t\t<div style=\"padding-left: 15px; padding-right: 15px; margin-bottom: 30px;\" class=\"col-lg-3 col-md-4 col-sm-6 col-xs-12\">\n\t\t\t\t\t\t\t<div class=\"bt-item\">\n\t<div class=\"bt-thumb_wrap\">\n\t\t<div class=\"bt-thumb auto\">\n\t\t\t\t<div class=\"bt-poster\" style=\"background-image: url(https:\/\/ubla.online\/wp-content\/uploads\/2020\/11\/Pst-Alberto-Prokopchuk.png);\"><\/div>\n\t\t\t\t<img src=\"https:\/\/ubla.online\/wp-content\/uploads\/2020\/11\/Pst-Alberto-Prokopchuk.png\" alt=\"Post Thumbnail\"\/>\n\t\t\t<\/div>\t\t<div class=\"bt-overlay\">\n\t\t\t<div class=\"bt-overlay-inner\">\n\t\t\t\t\t\t\t<\/div>\n\t\t<\/div>\n\t<\/div>\n\t<div class=\"bt-content\">\n\t\t<h3 class=\"bt-title\"><a href=\"https:\/\/ubla.online\/pt\/team\/alberto-prokopchuk\/\">Alberto Prokopchuk<\/a><\/h3>\n\t\t<div class=\"bt-position\">Presidente<\/div>\t<\/div>\n<\/div>\n\t\t\t\t\t\t<\/div>\n\t\t\t\t\t\t\t\t\t\t\t<div style=\"padding-left: 15px; padding-right: 15px; margin-bottom: 30px;\" class=\"col-lg-3 col-md-4 col-sm-6 col-xs-12\">\n\t\t\t\t\t\t\t<div class=\"bt-item\">\n\t<div class=\"bt-thumb_wrap\">\n\t\t<div class=\"bt-thumb auto\">\n\t\t\t\t<div class=\"bt-poster\" style=\"background-image: url(https:\/\/ubla.online\/wp-content\/uploads\/2020\/11\/Pst-Marcio-Santos.jpg);\"><\/div>\n\t\t\t\t<img src=\"https:\/\/ubla.online\/wp-content\/uploads\/2020\/11\/Pst-Marcio-Santos.jpg\" alt=\"Post Thumbnail\"\/>\n\t\t\t<\/div>\t\t<div class=\"bt-overlay\">\n\t\t\t<div class=\"bt-overlay-inner\">\n\t\t\t\t\t\t\t<\/div>\n\t\t<\/div>\n\t<\/div>\n\t<div class=\"bt-content\">\n\t\t<h3 class=\"bt-title\"><a href=\"https:\/\/ubla.online\/pt\/team\/socrates-oliveira\/\">Marcio Santos<\/a><\/h3>\n\t\t<div class=\"bt-position\">Vice-presidente<\/div>\t<\/div>\n<\/div>\n\t\t\t\t\t\t<\/div>\n\t\t\t\t\t\t\t\t\t\t\t<div style=\"padding-left: 15px; padding-right: 15px; margin-bottom: 30px;\" class=\"col-lg-3 col-md-4 col-sm-6 col-xs-12\">\n\t\t\t\t\t\t\t<div class=\"bt-item\">\n\t<div class=\"bt-thumb_wrap\">\n\t\t<div class=\"bt-thumb auto\">\n\t\t\t\t<div class=\"bt-poster\" style=\"background-image: url(https:\/\/ubla.online\/wp-content\/uploads\/2020\/11\/Liliana-Farina-de-Fernandez-e1686262891113.jpg);\"><\/div>\n\t\t\t\t<img src=\"https:\/\/ubla.online\/wp-content\/uploads\/2020\/11\/Liliana-Farina-de-Fernandez-e1686262891113.jpg\" alt=\"Post Thumbnail\"\/>\n\t\t\t<\/div>\t\t<div class=\"bt-overlay\">\n\t\t\t<div class=\"bt-overlay-inner\">\n\t\t\t\t\t\t\t<\/div>\n\t\t<\/div>\n\t<\/div>\n\t<div class=\"bt-content\">\n\t\t<h3 class=\"bt-title\"><a href=\"https:\/\/ubla.online\/pt\/team\/sara-de-barrios\/\">Liliana In\u00e9s Fern\u00e1ndez de Farina<\/a><\/h3>\n\t\t<div class=\"bt-position\">Secretaria<\/div>\t<\/div>\n<\/div>\n\t\t\t\t\t\t<\/div>\n\t\t\t\t\t\t\t\t\t\t\t<div style=\"padding-left: 15px; padding-right: 15px; margin-bottom: 30px;\" class=\"col-lg-3 col-md-4 col-sm-6 col-xs-12\">\n\t\t\t\t\t\t\t<div class=\"bt-item\">\n\t<div class=\"bt-thumb_wrap\">\n\t\t<div class=\"bt-thumb auto\">\n\t\t\t\t<div class=\"bt-poster\" style=\"background-image: url(https:\/\/ubla.online\/wp-content\/uploads\/2020\/11\/David-Silva.jpg);\"><\/div>\n\t\t\t\t<img src=\"https:\/\/ubla.online\/wp-content\/uploads\/2020\/11\/David-Silva.jpg\" alt=\"Post Thumbnail\"\/>\n\t\t\t<\/div>\t\t<div class=\"bt-overlay\">\n\t\t\t<div class=\"bt-overlay-inner\">\n\t\t\t\t\t\t\t<\/div>\n\t\t<\/div>\n\t<\/div>\n\t<div class=\"bt-content\">\n\t\t<h3 class=\"bt-title\"><a href=\"https:\/\/ubla.online\/pt\/team\/abraham-cervantes\/\">David Silva<\/a><\/h3>\n\t\t<div class=\"bt-position\">Vocal<\/div>\t<\/div>\n<\/div>\n\t\t\t\t\t\t<\/div>\n\t\t\t\t\t\t\t\t\t\t\t<div style=\"padding-left: 15px; padding-right: 15px; margin-bottom: 30px;\" class=\"col-lg-3 col-md-4 col-sm-6 col-xs-12\">\n\t\t\t\t\t\t\t<div class=\"bt-item\">\n\t<div class=\"bt-thumb_wrap\">\n\t\t<div class=\"bt-thumb auto\">\n\t\t\t\t<div class=\"bt-poster\" style=\"background-image: url(https:\/\/ubla.online\/wp-content\/uploads\/2020\/11\/Pst-Gilberto-Gutierrez-1.jpg);\"><\/div>\n\t\t\t\t<img src=\"https:\/\/ubla.online\/wp-content\/uploads\/2020\/11\/Pst-Gilberto-Gutierrez-1.jpg\" alt=\"Post Thumbnail\"\/>\n\t\t\t<\/div>\t\t<div class=\"bt-overlay\">\n\t\t\t<div class=\"bt-overlay-inner\">\n\t\t\t\t\t\t\t<\/div>\n\t\t<\/div>\n\t<\/div>\n\t<div class=\"bt-content\">\n\t\t<h3 class=\"bt-title\"><a href=\"https:\/\/ubla.online\/pt\/team\/edmilson-vila-nova\/\">Gilberto Guti\u00e9rrez<\/a><\/h3>\n\t\t<div class=\"bt-position\">Vocal<\/div>\t<\/div>\n<\/div>\n\t\t\t\t\t\t<\/div>\n\t\t\t\t\t\t\t\t\t\t\t<div style=\"padding-left: 15px; padding-right: 15px; margin-bottom: 30px;\" class=\"col-lg-3 col-md-4 col-sm-6 col-xs-12\">\n\t\t\t\t\t\t\t<div class=\"bt-item\">\n\t<div class=\"bt-thumb_wrap\">\n\t\t<div class=\"bt-thumb auto\">\n\t\t\t\t<div class=\"bt-poster\" style=\"background-image: url(https:\/\/ubla.online\/wp-content\/uploads\/2020\/11\/Pst-Fernando-Brandao.png);\"><\/div>\n\t\t\t\t<img src=\"https:\/\/ubla.online\/wp-content\/uploads\/2020\/11\/Pst-Fernando-Brandao.png\" alt=\"Post Thumbnail\"\/>\n\t\t\t<\/div>\t\t<div class=\"bt-overlay\">\n\t\t\t<div class=\"bt-overlay-inner\">\n\t\t\t\t\t\t\t<\/div>\n\t\t<\/div>\n\t<\/div>\n\t<div class=\"bt-content\">\n\t\t<h3 class=\"bt-title\"><a href=\"https:\/\/ubla.online\/pt\/team\/fernando-brandao\/\">Fernando Brand\u00e3o<\/a><\/h3>\n\t\t<div class=\"bt-position\">Diretor de Evangelismo<\/div>\t<\/div>\n<\/div>\n\t\t\t\t\t\t<\/div>\n\t\t\t\t\t\t\t\t\t\t\t<div style=\"padding-left: 15px; padding-right: 15px; margin-bottom: 30px;\" class=\"col-lg-3 col-md-4 col-sm-6 col-xs-12\">\n\t\t\t\t\t\t\t<div class=\"bt-item\">\n\t<div class=\"bt-thumb_wrap\">\n\t\t<div class=\"bt-thumb auto\">\n\t\t\t\t<div class=\"bt-poster\" style=\"background-image: url(https:\/\/ubla.online\/wp-content\/uploads\/2020\/11\/Ruy-Oliveira.jpg);\"><\/div>\n\t\t\t\t<img src=\"https:\/\/ubla.online\/wp-content\/uploads\/2020\/11\/Ruy-Oliveira.jpg\" alt=\"Post Thumbnail\"\/>\n\t\t\t<\/div>\t\t<div class=\"bt-overlay\">\n\t\t\t<div class=\"bt-overlay-inner\">\n\t\t\t\t\t\t\t<\/div>\n\t\t<\/div>\n\t<\/div>\n\t<div class=\"bt-content\">\n\t\t<h3 class=\"bt-title\"><a href=\"https:\/\/ubla.online\/pt\/team\/ruy-oliveira\/\">Ruy Oliveira<\/a><\/h3>\n\t\t<div class=\"bt-position\">Diretor de Miss\u00f5es<\/div>\t<\/div>\n<\/div>\n\t\t\t\t\t\t<\/div>\n\t\t\t\t\t\t\t\t\t\t\t<div style=\"padding-left: 15px; padding-right: 15px; margin-bottom: 30px;\" class=\"col-lg-3 col-md-4 col-sm-6 col-xs-12\">\n\t\t\t\t\t\t\t<div class=\"bt-item\">\n\t<div class=\"bt-thumb_wrap\">\n\t\t<div class=\"bt-thumb auto\">\n\t\t\t\t<div class=\"bt-poster\" style=\"background-image: url(https:\/\/ubla.online\/wp-content\/uploads\/2020\/11\/Pst-Richard-Serrano.jpg);\"><\/div>\n\t\t\t\t<img src=\"https:\/\/ubla.online\/wp-content\/uploads\/2020\/11\/Pst-Richard-Serrano.jpg\" alt=\"Post Thumbnail\"\/>\n\t\t\t<\/div>\t\t<div class=\"bt-overlay\">\n\t\t\t<div class=\"bt-overlay-inner\">\n\t\t\t\t\t\t\t<\/div>\n\t\t<\/div>\n\t<\/div>\n\t<div class=\"bt-content\">\n\t\t<h3 class=\"bt-title\"><a href=\"https:\/\/ubla.online\/pt\/team\/richard-serrano\/\">Richard Serrano<\/a><\/h3>\n\t\t<div class=\"bt-position\">Diretor de Educa\u00e7\u00e3o Teol\u00f3gica<\/div>\t<\/div>\n<\/div>\n\t\t\t\t\t\t<\/div>\n\t\t\t\t\t\t\t\t\t\t\t<div style=\"padding-left: 15px; padding-right: 15px; margin-bottom: 30px;\" class=\"col-lg-3 col-md-4 col-sm-6 col-xs-12\">\n\t\t\t\t\t\t\t<div class=\"bt-item\">\n\t<div class=\"bt-thumb_wrap\">\n\t\t<div class=\"bt-thumb auto\">\n\t\t\t\t<div class=\"bt-poster\" style=\"background-image: url(https:\/\/ubla.online\/wp-content\/uploads\/2020\/11\/Pst-Parrish-Jacome-1.jpg);\"><\/div>\n\t\t\t\t<img src=\"https:\/\/ubla.online\/wp-content\/uploads\/2020\/11\/Pst-Parrish-Jacome-1.jpg\" alt=\"Post Thumbnail\"\/>\n\t\t\t<\/div>\t\t<div class=\"bt-overlay\">\n\t\t\t<div class=\"bt-overlay-inner\">\n\t\t\t\t\t\t\t<\/div>\n\t\t<\/div>\n\t<\/div>\n\t<div class=\"bt-content\">\n\t\t<h3 class=\"bt-title\"><a href=\"https:\/\/ubla.online\/pt\/team\/parrish-jacome-hernandez\/\">Parrish J\u00e1come Hern\u00e1ndez<\/a><\/h3>\n\t\t<div class=\"bt-position\">Diretor Geral<\/div>\t<\/div>\n<\/div>\n\t\t\t\t\t\t<\/div>\n\t\t\t\t\t\t\t\t\t<\/div>\n\t\t\t\t\t\t\t<\/div>\n\t\t<\/div><\/div><\/div><\/div>","protected":false},"excerpt":{"rendered":"Ecuatoriano. Se desempe\u00f1a como director ejecutivo de la Uni\u00f3n Bautista Latinoamericana desde el 2012. Naci\u00f3 en Guayaquil, el 17 de&hellip;","protected":false},"author":1,"featured_media":0,"parent":0,"menu_order":0,"comment_status":"closed","ping_status":"closed","template":"visual-builder-template.php","meta":{"ngg_post_thumbnail":0},"_links":{"self":[{"href":"https:\/\/ubla.online\/pt\/wp-json\/wp\/v2\/pages\/14"}],"collection":[{"href":"https:\/\/ubla.online\/pt\/wp-json\/wp\/v2\/pages"}],"about":[{"href":"https:\/\/ubla.online\/pt\/wp-json\/wp\/v2\/types\/page"}],"author":[{"embeddable":true,"href":"https:\/\/ubla.online\/pt\/wp-json\/wp\/v2\/users\/1"}],"replies":[{"embeddable":true,"href":"https:\/\/ubla.online\/pt\/wp-json\/wp\/v2\/comments?post=14"}],"version-history":[{"count":27,"href":"https:\/\/ubla.online\/pt\/wp-json\/wp\/v2\/pages\/14\/revisions"}],"predecessor-version":[{"id":3969,"href":"https:\/\/ubla.online\/pt\/wp-json\/wp\/v2\/pages\/14\/revisions\/3969"}],"wp:attachment":[{"href":"https:\/\/ubla.online\/pt\/wp-json\/wp\/v2\/media?parent=14"}],"curies":[{"name":"wp","href":"https:\/\/api.w.org\/{rel}","templated":true}]}}